{"id":301,"date":"2021-11-26T22:34:19","date_gmt":"2021-11-26T21:34:19","guid":{"rendered":"https:\/\/boutique.afriqueeducation.com\/Tp60573-ovh\/index.php\/produit\/afrique-education-n498-499-actualite-dafrique-juillet-aout-2021\/"},"modified":"2021-12-27T11:55:58","modified_gmt":"2021-12-27T10:55:58","slug":"afrique-education-n498-499-actualite-dafrique-juillet-aout-2021","status":"publish","type":"product","link":"https:\/\/boutique.afriqueeducation.com\/Tp60573-ovh\/index.php\/produit\/afrique-education-n498-499-actualite-dafrique-juillet-aout-2021\/","title":{"rendered":"Afrique Education N\u00b0498-499 Juillet-Ao\u00fbt 2021"},"content":{"rendered":"<p>186<\/p>\n","protected":false},"excerpt":{"rendered":"<p>L&#8217;actualit\u00e9 d&#8217;Afrique de Juillet-Ao\u00fbt 2021: Afrique Education a mis le jeune colonel Assimi Go\u00efta en pleine page de couverture apr\u00e8s son deuxi\u00e8me coup d&#8217;\u00e9tat qui lui permet, cette fois, de prendre la pr\u00e9sidence de la transition sans interf\u00e9rence de la naus\u00e9abonde CEDEAO. Dans ce num\u00e9ro, quelques conseils sont donn\u00e9s au colonel pour le succ\u00e8s de sa haute mission.<\/p>\n<p>&nbsp;<\/p>\n<div>\n<div dir=\"ltr\">Afrique Education a une devise simple :<\/div>\n<div dir=\"ltr\">C&#8217;est un magazine international hautement intellectuel,<\/div>\n<div dir=\"ltr\">Qui ne se soucie gu\u00e8re des qu&#8217;en dira-t-on,<\/div>\n<div dir=\"ltr\">Combat \u00e2prement la pens\u00e9e unique,<\/div>\n<div dir=\"ltr\">Donne une autre lecture de l&#8217;actualit\u00e9,<\/div>\n<div dir=\"ltr\">Oeuvre pour une Afrique digne et respect\u00e9e.<\/div>\n<div dir=\"ltr\"><\/div>\n<div dir=\"ltr\"><\/div>\n<div dir=\"ltr\">Afrique Education est un magazine totalement ind\u00e9pendant, con\u00e7u par les Africains et propos\u00e9 aux Africains et aux amis de l&#8217;Afrique.<\/div>\n<div dir=\"ltr\"><\/div>\n<div dir=\"ltr\">Afrique Education est un magazine s\u00e9rieux qui travaille avec des institutions s\u00e9rieuses :<\/div>\n<ul>\n<li>L&#8217;UNESCO<\/li>\n<li>La Banque Mondiale<\/li>\n<li>La Commission europ\u00e9enne<\/li>\n<li>L&#8217;Organisation internationale de la Francophonie<\/li>\n<li>Des Etats (France, S\u00e9n\u00e9gal, Guin\u00e9e-Conakry, Gabon, Togo, Guin\u00e9e-Equatoriale, C\u00f4te d&#8217;Ivoire, B\u00e9nin, Centrafrique, Comores, etc).<\/li>\n<\/ul>\n<div>Vos serviteurs organisent \u00e9galement des colloques et des s\u00e9minaires d&#8217;\u00e9ducation et de formation en Afrique. Afrique Education dont la cr\u00e9ation remonte en mai 1993, \u00e0 Paris, est une institution ouverte au partenariat et \u00e0 la coop\u00e9ration internationale, \u00e0 condition que \u00e7a soit du gagnant-gagnant.<\/div>\n<div><\/div>\n<div>Son Fondateur, Paul TEDGA, Docteur des Facult\u00e9s fran\u00e7aises de droit et de sciences \u00e9conomiques (Universit\u00e9 de Paris-IX Dauphine en novembre 1988) est \u00e9galement auteur de plusieurs ouvrages de r\u00e9f\u00e9rence.<\/div>\n<\/div>\n<div><\/div>\n<div>\n<div>Pour encore plus d&#8217;actualit\u00e9s rendez-vous sur <a href=\"http:\/\/boutique.afriqueeducation.com\/Tp60573-ovh\/\">boutique.afriqueeducation.com\/Tp60573-ovh\/<\/a><\/div>\n<div><\/div>\n<div>Ne rater pas l&#8217;actualit\u00e9 d&#8217;Afrique de Juillet-Ao\u00fbt 2021 achetez le N\u00b0498-499 d&#8217;Afrique Education !<\/div>\n<\/div>\n<div><\/div>\n","protected":false},"featured_media":206,"template":"","meta":{"pmpro_default_level":0,"site-sidebar-layout":"default","site-content-layout":"default","ast-main-header-display":"","ast-hfb-above-header-display":"","ast-hfb-below-header-display":"","ast-hfb-mobile-header-display":"","site-post-title":"","ast-breadcrumbs-content":"","ast-featured-img":"","footer-sml-layout":"","theme-transparent-header-meta":"default","adv-header-id-meta":"","stick-header-meta":"","header-above-stick-meta":"","header-main-stick-meta":"","header-below-stick-meta":""},"product_cat":[17],"product_tag":[],"yoast_head":"<!-- This site is optimized with the Yoast SEO plugin v17.6 - https:\/\/yoast.com\/wordpress\/plugins\/seo\/ -->\n<title>Afrique Education N\u00b0498-499 Juillet-Ao\u00fbt 2021 - Afrique Education<\/title>\n<meta name=\"robots\" content=\"index, follow, max-snippet:-1, max-image-preview:large, max-video-preview:-1\" \/>\n<link rel=\"canonical\" href=\"http:\/\/boutique.afriqueeducation.com\/Tp60573-ovh\/index.php\/produit\/afrique-education-n498-499-actualite-dafrique-juillet-aout-2021\/\" \/>\n<meta property=\"og:locale\" content=\"en_US\" \/>\n<meta property=\"og:type\" content=\"article\" \/>\n<meta property=\"og:title\" content=\"Afrique Education N\u00b0498-499 Juillet-Ao\u00fbt 2021 - Afrique Education\" \/>\n<meta property=\"og:description\" content=\"L&#039;actualit\u00e9 d&#039;Afrique de Juillet-Ao\u00fbt 2021: Afrique Education a mis le jeune colonel Assimi Go\u00efta en pleine page de couverture apr\u00e8s son deuxi\u00e8me coup d&#039;\u00e9tat qui lui permet, cette fois, de prendre la pr\u00e9sidence de la transition sans interf\u00e9rence de la naus\u00e9abonde CEDEAO. Dans ce num\u00e9ro, quelques conseils sont donn\u00e9s au colonel pour le succ\u00e8s de sa haute mission.  &nbsp;  Afrique Education a une devise simple : C&#039;est un magazine international hautement intellectuel, Qui ne se soucie gu\u00e8re des qu&#039;en dira-t-on, Combat \u00e2prement la pens\u00e9e unique, Donne une autre lecture de l&#039;actualit\u00e9, Oeuvre pour une Afrique digne et respect\u00e9e.   Afrique Education est un magazine totalement ind\u00e9pendant, con\u00e7u par les Africains et propos\u00e9 aux Africains et aux amis de l&#039;Afrique.  Afrique Education est un magazine s\u00e9rieux qui travaille avec des institutions s\u00e9rieuses :   L&#039;UNESCO  La Banque Mondiale  La Commission europ\u00e9enne  L&#039;Organisation internationale de la Francophonie  Des Etats (France, S\u00e9n\u00e9gal, Guin\u00e9e-Conakry, Gabon, Togo, Guin\u00e9e-Equatoriale, C\u00f4te d&#039;Ivoire, B\u00e9nin, Centrafrique, Comores, etc).  Vos serviteurs organisent \u00e9galement des colloques et des s\u00e9minaires d&#039;\u00e9ducation et de formation en Afrique. Afrique Education dont la cr\u00e9ation remonte en mai 1993, \u00e0 Paris, est une institution ouverte au partenariat et \u00e0 la coop\u00e9ration internationale, \u00e0 condition que \u00e7a soit du gagnant-gagnant.  Son Fondateur, Paul TEDGA, Docteur des Facult\u00e9s fran\u00e7aises de droit et de sciences \u00e9conomiques (Universit\u00e9 de Paris-IX Dauphine en novembre 1988) est \u00e9galement auteur de plusieurs ouvrages de r\u00e9f\u00e9rence.    Pour encore plus d&#039;actualit\u00e9s rendez-vous sur boutique.afriqueeducation.com\/Tp60573-ovh\/  Ne rater pas l&#039;actualit\u00e9 d&#039;Afrique de Juillet-Ao\u00fbt 2021 achetez le N\u00b0498-499 d&#039;Afrique Education !\" \/>\n<meta property=\"og:url\" content=\"http:\/\/boutique.afriqueeducation.com\/Tp60573-ovh\/index.php\/produit\/afrique-education-n498-499-actualite-dafrique-juillet-aout-2021\/\" \/>\n<meta property=\"og:site_name\" content=\"Afrique Education\" \/>\n<meta property=\"article:modified_time\" content=\"2021-12-27T10:55:58+00:00\" \/>\n<meta property=\"og:image\" content=\"http:\/\/boutique.afriqueeducation.com\/Tp60573-ovh\/wp-content\/uploads\/2021\/11\/498-499.png\" \/>\n\t<meta property=\"og:image:width\" content=\"264\" \/>\n\t<meta property=\"og:image:height\" content=\"374\" \/>\n<meta name=\"twitter:card\" content=\"summary_large_image\" \/>\n<script type=\"application\/ld+json\" class=\"yoast-schema-graph\">{\"@context\":\"https:\/\/schema.org\",\"@graph\":[{\"@type\":\"WebSite\",\"@id\":\"http:\/\/boutique.afriqueeducation.com\/Tp60573-ovh\/#website\",\"url\":\"http:\/\/boutique.afriqueeducation.com\/Tp60573-ovh\/\",\"name\":\"Afrique Education\",\"description\":\"Un site utilisant WordPress\",\"potentialAction\":[{\"@type\":\"SearchAction\",\"target\":{\"@type\":\"EntryPoint\",\"urlTemplate\":\"http:\/\/boutique.afriqueeducation.com\/Tp60573-ovh\/?s={search_term_string}\"},\"query-input\":\"required name=search_term_string\"}],\"inLanguage\":\"en-US\"},{\"@type\":\"ImageObject\",\"@id\":\"http:\/\/boutique.afriqueeducation.com\/Tp60573-ovh\/index.php\/produit\/afrique-education-n498-499-actualite-dafrique-juillet-aout-2021\/#primaryimage\",\"inLanguage\":\"en-US\",\"url\":\"https:\/\/boutique.afriqueeducation.com\/Tp60573-ovh\/wp-content\/uploads\/2021\/11\/498-499.png\",\"contentUrl\":\"https:\/\/boutique.afriqueeducation.com\/Tp60573-ovh\/wp-content\/uploads\/2021\/11\/498-499.png\",\"width\":264,\"height\":374,\"caption\":\"Couverture N\\u00b0498-499\"},{\"@type\":\"WebPage\",\"@id\":\"http:\/\/boutique.afriqueeducation.com\/Tp60573-ovh\/index.php\/produit\/afrique-education-n498-499-actualite-dafrique-juillet-aout-2021\/#webpage\",\"url\":\"http:\/\/boutique.afriqueeducation.com\/Tp60573-ovh\/index.php\/produit\/afrique-education-n498-499-actualite-dafrique-juillet-aout-2021\/\",\"name\":\"Afrique Education N\\u00b0498-499 Juillet-Ao\\u00fbt 2021 - Afrique Education\",\"isPartOf\":{\"@id\":\"http:\/\/boutique.afriqueeducation.com\/Tp60573-ovh\/#website\"},\"primaryImageOfPage\":{\"@id\":\"http:\/\/boutique.afriqueeducation.com\/Tp60573-ovh\/index.php\/produit\/afrique-education-n498-499-actualite-dafrique-juillet-aout-2021\/#primaryimage\"},\"datePublished\":\"2021-11-26T21:34:19+00:00\",\"dateModified\":\"2021-12-27T10:55:58+00:00\",\"breadcrumb\":{\"@id\":\"http:\/\/boutique.afriqueeducation.com\/Tp60573-ovh\/index.php\/produit\/afrique-education-n498-499-actualite-dafrique-juillet-aout-2021\/#breadcrumb\"},\"inLanguage\":\"en-US\",\"potentialAction\":[{\"@type\":\"ReadAction\",\"target\":[\"http:\/\/boutique.afriqueeducation.com\/Tp60573-ovh\/index.php\/produit\/afrique-education-n498-499-actualite-dafrique-juillet-aout-2021\/\"]}]},{\"@type\":\"BreadcrumbList\",\"@id\":\"http:\/\/boutique.afriqueeducation.com\/Tp60573-ovh\/index.php\/produit\/afrique-education-n498-499-actualite-dafrique-juillet-aout-2021\/#breadcrumb\",\"itemListElement\":[{\"@type\":\"ListItem\",\"position\":1,\"name\":\"Accueil\",\"item\":\"http:\/\/boutique.afriqueeducation.com\/Tp60573-ovh\/\"},{\"@type\":\"ListItem\",\"position\":2,\"name\":\"Products\",\"item\":\"http:\/\/boutique.afriqueeducation.com\/Tp60573-ovh\/index.php\/products\/\"},{\"@type\":\"ListItem\",\"position\":3,\"name\":\"Afrique Education N\\u00b0498-499 Juillet-Ao\\u00fbt 2021\"}]}]}<\/script>\n<!-- \/ Yoast SEO plugin. -->","yoast_head_json":{"title":"Afrique Education N\u00b0498-499 Juillet-Ao\u00fbt 2021 - Afrique Education","robots":{"index":"index","follow":"follow","max-snippet":"max-snippet:-1","max-image-preview":"max-image-preview:large","max-video-preview":"max-video-preview:-1"},"canonical":"http:\/\/boutique.afriqueeducation.com\/Tp60573-ovh\/index.php\/produit\/afrique-education-n498-499-actualite-dafrique-juillet-aout-2021\/","og_locale":"en_US","og_type":"article","og_title":"Afrique Education N\u00b0498-499 Juillet-Ao\u00fbt 2021 - Afrique Education","og_description":"L'actualit\u00e9 d'Afrique de Juillet-Ao\u00fbt 2021: Afrique Education a mis le jeune colonel Assimi Go\u00efta en pleine page de couverture apr\u00e8s son deuxi\u00e8me coup d'\u00e9tat qui lui permet, cette fois, de prendre la pr\u00e9sidence de la transition sans interf\u00e9rence de la naus\u00e9abonde CEDEAO. Dans ce num\u00e9ro, quelques conseils sont donn\u00e9s au colonel pour le succ\u00e8s de sa haute mission.  &nbsp;  Afrique Education a une devise simple : C'est un magazine international hautement intellectuel, Qui ne se soucie gu\u00e8re des qu'en dira-t-on, Combat \u00e2prement la pens\u00e9e unique, Donne une autre lecture de l'actualit\u00e9, Oeuvre pour une Afrique digne et respect\u00e9e.   Afrique Education est un magazine totalement ind\u00e9pendant, con\u00e7u par les Africains et propos\u00e9 aux Africains et aux amis de l'Afrique.  Afrique Education est un magazine s\u00e9rieux qui travaille avec des institutions s\u00e9rieuses :   L'UNESCO  La Banque Mondiale  La Commission europ\u00e9enne  L'Organisation internationale de la Francophonie  Des Etats (France, S\u00e9n\u00e9gal, Guin\u00e9e-Conakry, Gabon, Togo, Guin\u00e9e-Equatoriale, C\u00f4te d'Ivoire, B\u00e9nin, Centrafrique, Comores, etc).  Vos serviteurs organisent \u00e9galement des colloques et des s\u00e9minaires d'\u00e9ducation et de formation en Afrique. Afrique Education dont la cr\u00e9ation remonte en mai 1993, \u00e0 Paris, est une institution ouverte au partenariat et \u00e0 la coop\u00e9ration internationale, \u00e0 condition que \u00e7a soit du gagnant-gagnant.  Son Fondateur, Paul TEDGA, Docteur des Facult\u00e9s fran\u00e7aises de droit et de sciences \u00e9conomiques (Universit\u00e9 de Paris-IX Dauphine en novembre 1988) est \u00e9galement auteur de plusieurs ouvrages de r\u00e9f\u00e9rence.    Pour encore plus d'actualit\u00e9s rendez-vous sur boutique.afriqueeducation.com\/Tp60573-ovh\/  Ne rater pas l'actualit\u00e9 d'Afrique de Juillet-Ao\u00fbt 2021 achetez le N\u00b0498-499 d'Afrique Education !","og_url":"http:\/\/boutique.afriqueeducation.com\/Tp60573-ovh\/index.php\/produit\/afrique-education-n498-499-actualite-dafrique-juillet-aout-2021\/","og_site_name":"Afrique Education","article_modified_time":"2021-12-27T10:55:58+00:00","og_image":[{"width":264,"height":374,"url":"http:\/\/boutique.afriqueeducation.com\/Tp60573-ovh\/wp-content\/uploads\/2021\/11\/498-499.png","type":"image\/png"}],"twitter_card":"summary_large_image","schema":{"@context":"https:\/\/schema.org","@graph":[{"@type":"WebSite","@id":"http:\/\/boutique.afriqueeducation.com\/Tp60573-ovh\/#website","url":"http:\/\/boutique.afriqueeducation.com\/Tp60573-ovh\/","name":"Afrique Education","description":"Un site utilisant WordPress","potentialAction":[{"@type":"SearchAction","target":{"@type":"EntryPoint","urlTemplate":"http:\/\/boutique.afriqueeducation.com\/Tp60573-ovh\/?s={search_term_string}"},"query-input":"required name=search_term_string"}],"inLanguage":"en-US"},{"@type":"ImageObject","@id":"http:\/\/boutique.afriqueeducation.com\/Tp60573-ovh\/index.php\/produit\/afrique-education-n498-499-actualite-dafrique-juillet-aout-2021\/#primaryimage","inLanguage":"en-US","url":"https:\/\/boutique.afriqueeducation.com\/Tp60573-ovh\/wp-content\/uploads\/2021\/11\/498-499.png","contentUrl":"https:\/\/boutique.afriqueeducation.com\/Tp60573-ovh\/wp-content\/uploads\/2021\/11\/498-499.png","width":264,"height":374,"caption":"Couverture N\u00b0498-499"},{"@type":"WebPage","@id":"http:\/\/boutique.afriqueeducation.com\/Tp60573-ovh\/index.php\/produit\/afrique-education-n498-499-actualite-dafrique-juillet-aout-2021\/#webpage","url":"http:\/\/boutique.afriqueeducation.com\/Tp60573-ovh\/index.php\/produit\/afrique-education-n498-499-actualite-dafrique-juillet-aout-2021\/","name":"Afrique Education N\u00b0498-499 Juillet-Ao\u00fbt 2021 - Afrique Education","isPartOf":{"@id":"http:\/\/boutique.afriqueeducation.com\/Tp60573-ovh\/#website"},"primaryImageOfPage":{"@id":"http:\/\/boutique.afriqueeducation.com\/Tp60573-ovh\/index.php\/produit\/afrique-education-n498-499-actualite-dafrique-juillet-aout-2021\/#primaryimage"},"datePublished":"2021-11-26T21:34:19+00:00","dateModified":"2021-12-27T10:55:58+00:00","breadcrumb":{"@id":"http:\/\/boutique.afriqueeducation.com\/Tp60573-ovh\/index.php\/produit\/afrique-education-n498-499-actualite-dafrique-juillet-aout-2021\/#breadcrumb"},"inLanguage":"en-US","potentialAction":[{"@type":"ReadAction","target":["http:\/\/boutique.afriqueeducation.com\/Tp60573-ovh\/index.php\/produit\/afrique-education-n498-499-actualite-dafrique-juillet-aout-2021\/"]}]},{"@type":"BreadcrumbList","@id":"http:\/\/boutique.afriqueeducation.com\/Tp60573-ovh\/index.php\/produit\/afrique-education-n498-499-actualite-dafrique-juillet-aout-2021\/#breadcrumb","itemListElement":[{"@type":"ListItem","position":1,"name":"Accueil","item":"http:\/\/boutique.afriqueeducation.com\/Tp60573-ovh\/"},{"@type":"ListItem","position":2,"name":"Products","item":"http:\/\/boutique.afriqueeducation.com\/Tp60573-ovh\/index.php\/products\/"},{"@type":"ListItem","position":3,"name":"Afrique Education N\u00b0498-499 Juillet-Ao\u00fbt 2021"}]}]}},"_links":{"self":[{"href":"https:\/\/boutique.afriqueeducation.com\/Tp60573-ovh\/index.php\/wp-json\/wp\/v2\/product\/301"}],"collection":[{"href":"https:\/\/boutique.afriqueeducation.com\/Tp60573-ovh\/index.php\/wp-json\/wp\/v2\/product"}],"about":[{"href":"https:\/\/boutique.afriqueeducation.com\/Tp60573-ovh\/index.php\/wp-json\/wp\/v2\/types\/product"}],"wp:featuredmedia":[{"embeddable":true,"href":"https:\/\/boutique.afriqueeducation.com\/Tp60573-ovh\/index.php\/wp-json\/wp\/v2\/media\/206"}],"wp:attachment":[{"href":"https:\/\/boutique.afriqueeducation.com\/Tp60573-ovh\/index.php\/wp-json\/wp\/v2\/media?parent=301"}],"wp:term":[{"taxonomy":"product_cat","embeddable":true,"href":"https:\/\/boutique.afriqueeducation.com\/Tp60573-ovh\/index.php\/wp-json\/wp\/v2\/product_cat?post=301"},{"taxonomy":"product_tag","embeddable":true,"href":"https:\/\/boutique.afriqueeducation.com\/Tp60573-ovh\/index.php\/wp-json\/wp\/v2\/product_tag?post=301"}],"curies":[{"name":"wp","href":"https:\/\/api.w.org\/{rel}","templated":true}]}}