{"id":300,"date":"2021-11-26T22:16:47","date_gmt":"2021-11-26T21:16:47","guid":{"rendered":"https:\/\/boutique.afriqueeducation.com\/Tp60573-ovh\/index.php\/produit\/afrique-education-n502-novembre-2021\/"},"modified":"2021-12-27T12:36:22","modified_gmt":"2021-12-27T11:36:22","slug":"afrique-education-n502-novembre-2021","status":"publish","type":"product","link":"https:\/\/boutique.afriqueeducation.com\/Tp60573-ovh\/index.php\/produit\/afrique-education-n502-novembre-2021\/","title":{"rendered":"Afrique Education N\u00b0502 Novembre 2021"},"content":{"rendered":"<p>184<\/p>\n","protected":false},"excerpt":{"rendered":"<div>\n<div dir=\"ltr\">\n<p>L&#8217;actualit\u00e9 de novembre en Afrique:<\/p>\n<div dir=\"ltr\">Tous d&#8217;abord Laurent Gbagbo cr\u00e9e un nouveau parti politique apr\u00e8s avoir d\u00e9missionn\u00e9 du Front populaire ivoirien. Le magazine explique comment et pourquoi.<\/div>\n<div dir=\"ltr\"><\/div>\n<div dir=\"ltr\">Puis la Libye, dix ans apr\u00e8s l&#8217;assassinat du colonel Kadhafi, non seulement, la Libye est tomb\u00e9e dans un chaos indescriptible mais elle a aussi d\u00e9stabilis\u00e9 tout le sahel, tous les djihadistes jadis confin\u00e9s dans les casernes du guide libyen s&#8217;\u00e9tant retrouv\u00e9s dans la nature. A quand le jugement de cet \u00e9norme crime contre l&#8217;humanit\u00e9 ? Sarkozy (chef d&#8217;orchestre), Cameron et Obama continuent \u00e0 se la couler douce sans \u00eatre inqui\u00e9t\u00e9s par aucune justice.<\/div>\n<div><\/div>\n<\/div>\n<div dir=\"ltr\"><\/div>\n<h5 dir=\"ltr\">Afrique Education a une devise simple :<\/h5>\n<div dir=\"ltr\">C&#8217;est un magazine international hautement intellectuel,<\/div>\n<div dir=\"ltr\">Qui ne se soucie gu\u00e8re des qu&#8217;en dira-t-on,<\/div>\n<div dir=\"ltr\">Combat \u00e2prement la pens\u00e9e unique,<\/div>\n<div dir=\"ltr\">Donne une autre lecture de l&#8217;actualit\u00e9,<\/div>\n<div dir=\"ltr\">Oeuvre pour une Afrique digne et respect\u00e9e.<\/div>\n<div dir=\"ltr\"><\/div>\n<div dir=\"ltr\"><\/div>\n<div dir=\"ltr\">Afrique Education est un magazine totalement ind\u00e9pendant, con\u00e7u par les Africains et propos\u00e9 aux Africains et aux amis de l&#8217;Afrique.<\/div>\n<div dir=\"ltr\"><\/div>\n<div dir=\"ltr\">Afrique Education est un magazine s\u00e9rieux qui travaille avec des institutions s\u00e9rieuses :<\/div>\n<ul>\n<li>L&#8217;UNESCO<\/li>\n<li>La Banque Mondiale<\/li>\n<li>La Commission europ\u00e9enne<\/li>\n<li>L&#8217;Organisation internationale de la Francophonie<\/li>\n<li>Des Etats (France, S\u00e9n\u00e9gal, Guin\u00e9e-Conakry, Gabon, Togo, Guin\u00e9e-Equatoriale, C\u00f4te d&#8217;Ivoire, B\u00e9nin, Centrafrique, Comores, etc).<\/li>\n<\/ul>\n<div>Vos serviteurs organisent \u00e9galement des colloques et des s\u00e9minaires d&#8217;\u00e9ducation et de formation en Afrique. Afrique Education dont la cr\u00e9ation remonte en mai 1993, \u00e0 Paris, est une institution ouverte au partenariat et \u00e0 la coop\u00e9ration internationale, \u00e0 condition que \u00e7a soit du gagnant-gagnant.<\/div>\n<div><\/div>\n<div>Son Fondateur, Paul TEDGA, Docteur des Facult\u00e9s fran\u00e7aises de droit et de sciences \u00e9conomiques (Universit\u00e9 de Paris-IX Dauphine en novembre 1988) est \u00e9galement auteur de plusieurs ouvrages de r\u00e9f\u00e9rence.<\/div>\n<\/div>\n<div><\/div>\n<div>\n<div>Pour encore plus d&#8217;actualit\u00e9s rendez-vous sur <a href=\"http:\/\/boutique.afriqueeducation.com\/Tp60573-ovh\/\">boutique.afriqueeducation.com\/Tp60573-ovh\/<\/a><\/div>\n<div><\/div>\n<div>Ne rater pas l&#8217;actualit\u00e9 de novembre en Afrique achetez le N\u00b0502 d&#8217;Afrique Education !<\/div>\n<\/div>\n","protected":false},"featured_media":177,"template":"","meta":{"pmpro_default_level":0,"site-sidebar-layout":"default","site-content-layout":"default","ast-main-header-display":"","ast-hfb-above-header-display":"","ast-hfb-below-header-display":"","ast-hfb-mobile-header-display":"","site-post-title":"","ast-breadcrumbs-content":"","ast-featured-img":"","footer-sml-layout":"","theme-transparent-header-meta":"default","adv-header-id-meta":"","stick-header-meta":"","header-above-stick-meta":"","header-main-stick-meta":"","header-below-stick-meta":""},"product_cat":[17],"product_tag":[],"yoast_head":"<!-- This site is optimized with the Yoast SEO plugin v17.6 - https:\/\/yoast.com\/wordpress\/plugins\/seo\/ -->\n<title>Afrique Education N\u00b0502 Novembre 2021 - Afrique Education<\/title>\n<meta name=\"robots\" content=\"index, follow, max-snippet:-1, max-image-preview:large, max-video-preview:-1\" \/>\n<link rel=\"canonical\" href=\"http:\/\/boutique.afriqueeducation.com\/Tp60573-ovh\/index.php\/produit\/afrique-education-n502-novembre-2021\/\" \/>\n<meta property=\"og:locale\" content=\"en_US\" \/>\n<meta property=\"og:type\" content=\"article\" \/>\n<meta property=\"og:title\" content=\"Afrique Education N\u00b0502 Novembre 2021 - Afrique Education\" \/>\n<meta property=\"og:description\" content=\"L&#039;actualit\u00e9 de novembre en Afrique: Tous d&#039;abord Laurent Gbagbo cr\u00e9e un nouveau parti politique apr\u00e8s avoir d\u00e9missionn\u00e9 du Front populaire ivoirien. Le magazine explique comment et pourquoi.  Puis la Libye, dix ans apr\u00e8s l&#039;assassinat du colonel Kadhafi, non seulement, la Libye est tomb\u00e9e dans un chaos indescriptible mais elle a aussi d\u00e9stabilis\u00e9 tout le sahel, tous les djihadistes jadis confin\u00e9s dans les casernes du guide libyen s&#039;\u00e9tant retrouv\u00e9s dans la nature. A quand le jugement de cet \u00e9norme crime contre l&#039;humanit\u00e9 ? Sarkozy (chef d&#039;orchestre), Cameron et Obama continuent \u00e0 se la couler douce sans \u00eatre inqui\u00e9t\u00e9s par aucune justice.    Afrique Education a une devise simple : C&#039;est un magazine international hautement intellectuel, Qui ne se soucie gu\u00e8re des qu&#039;en dira-t-on, Combat \u00e2prement la pens\u00e9e unique, Donne une autre lecture de l&#039;actualit\u00e9, Oeuvre pour une Afrique digne et respect\u00e9e.   Afrique Education est un magazine totalement ind\u00e9pendant, con\u00e7u par les Africains et propos\u00e9 aux Africains et aux amis de l&#039;Afrique.  Afrique Education est un magazine s\u00e9rieux qui travaille avec des institutions s\u00e9rieuses :   L&#039;UNESCO  La Banque Mondiale  La Commission europ\u00e9enne  L&#039;Organisation internationale de la Francophonie  Des Etats (France, S\u00e9n\u00e9gal, Guin\u00e9e-Conakry, Gabon, Togo, Guin\u00e9e-Equatoriale, C\u00f4te d&#039;Ivoire, B\u00e9nin, Centrafrique, Comores, etc).  Vos serviteurs organisent \u00e9galement des colloques et des s\u00e9minaires d&#039;\u00e9ducation et de formation en Afrique. Afrique Education dont la cr\u00e9ation remonte en mai 1993, \u00e0 Paris, est une institution ouverte au partenariat et \u00e0 la coop\u00e9ration internationale, \u00e0 condition que \u00e7a soit du gagnant-gagnant.  Son Fondateur, Paul TEDGA, Docteur des Facult\u00e9s fran\u00e7aises de droit et de sciences \u00e9conomiques (Universit\u00e9 de Paris-IX Dauphine en novembre 1988) est \u00e9galement auteur de plusieurs ouvrages de r\u00e9f\u00e9rence.    Pour encore plus d&#039;actualit\u00e9s rendez-vous sur boutique.afriqueeducation.com\/Tp60573-ovh\/  Ne rater pas l&#039;actualit\u00e9 de novembre en Afrique achetez le N\u00b0502 d&#039;Afrique Education !\" \/>\n<meta property=\"og:url\" content=\"http:\/\/boutique.afriqueeducation.com\/Tp60573-ovh\/index.php\/produit\/afrique-education-n502-novembre-2021\/\" \/>\n<meta property=\"og:site_name\" content=\"Afrique Education\" \/>\n<meta property=\"article:modified_time\" content=\"2021-12-27T11:36:22+00:00\" \/>\n<meta property=\"og:image\" content=\"http:\/\/boutique.afriqueeducation.com\/Tp60573-ovh\/wp-content\/uploads\/edd\/2021\/11\/couverture-502web.jpg\" \/>\n\t<meta property=\"og:image:width\" content=\"1243\" \/>\n\t<meta property=\"og:image:height\" content=\"1759\" \/>\n<meta name=\"twitter:card\" content=\"summary_large_image\" \/>\n<script type=\"application\/ld+json\" class=\"yoast-schema-graph\">{\"@context\":\"https:\/\/schema.org\",\"@graph\":[{\"@type\":\"WebSite\",\"@id\":\"http:\/\/boutique.afriqueeducation.com\/Tp60573-ovh\/#website\",\"url\":\"http:\/\/boutique.afriqueeducation.com\/Tp60573-ovh\/\",\"name\":\"Afrique Education\",\"description\":\"Un site utilisant WordPress\",\"potentialAction\":[{\"@type\":\"SearchAction\",\"target\":{\"@type\":\"EntryPoint\",\"urlTemplate\":\"http:\/\/boutique.afriqueeducation.com\/Tp60573-ovh\/?s={search_term_string}\"},\"query-input\":\"required name=search_term_string\"}],\"inLanguage\":\"en-US\"},{\"@type\":\"ImageObject\",\"@id\":\"http:\/\/boutique.afriqueeducation.com\/Tp60573-ovh\/index.php\/produit\/afrique-education-n502-novembre-2021\/#primaryimage\",\"inLanguage\":\"en-US\",\"url\":\"https:\/\/boutique.afriqueeducation.com\/Tp60573-ovh\/wp-content\/uploads\/edd\/2021\/11\/couverture-502web.jpg\",\"contentUrl\":\"https:\/\/boutique.afriqueeducation.com\/Tp60573-ovh\/wp-content\/uploads\/edd\/2021\/11\/couverture-502web.jpg\",\"width\":1243,\"height\":1759,\"caption\":\"L'actualit\\u00e9 mars 2021 en Afrique Couverture N\\u00b0502\"},{\"@type\":\"WebPage\",\"@id\":\"http:\/\/boutique.afriqueeducation.com\/Tp60573-ovh\/index.php\/produit\/afrique-education-n502-novembre-2021\/#webpage\",\"url\":\"http:\/\/boutique.afriqueeducation.com\/Tp60573-ovh\/index.php\/produit\/afrique-education-n502-novembre-2021\/\",\"name\":\"Afrique Education N\\u00b0502 Novembre 2021 - Afrique Education\",\"isPartOf\":{\"@id\":\"http:\/\/boutique.afriqueeducation.com\/Tp60573-ovh\/#website\"},\"primaryImageOfPage\":{\"@id\":\"http:\/\/boutique.afriqueeducation.com\/Tp60573-ovh\/index.php\/produit\/afrique-education-n502-novembre-2021\/#primaryimage\"},\"datePublished\":\"2021-11-26T21:16:47+00:00\",\"dateModified\":\"2021-12-27T11:36:22+00:00\",\"breadcrumb\":{\"@id\":\"http:\/\/boutique.afriqueeducation.com\/Tp60573-ovh\/index.php\/produit\/afrique-education-n502-novembre-2021\/#breadcrumb\"},\"inLanguage\":\"en-US\",\"potentialAction\":[{\"@type\":\"ReadAction\",\"target\":[\"http:\/\/boutique.afriqueeducation.com\/Tp60573-ovh\/index.php\/produit\/afrique-education-n502-novembre-2021\/\"]}]},{\"@type\":\"BreadcrumbList\",\"@id\":\"http:\/\/boutique.afriqueeducation.com\/Tp60573-ovh\/index.php\/produit\/afrique-education-n502-novembre-2021\/#breadcrumb\",\"itemListElement\":[{\"@type\":\"ListItem\",\"position\":1,\"name\":\"Accueil\",\"item\":\"http:\/\/boutique.afriqueeducation.com\/Tp60573-ovh\/\"},{\"@type\":\"ListItem\",\"position\":2,\"name\":\"Products\",\"item\":\"http:\/\/boutique.afriqueeducation.com\/Tp60573-ovh\/index.php\/products\/\"},{\"@type\":\"ListItem\",\"position\":3,\"name\":\"Afrique Education N\\u00b0502 Novembre 2021\"}]}]}<\/script>\n<!-- \/ Yoast SEO plugin. -->","yoast_head_json":{"title":"Afrique Education N\u00b0502 Novembre 2021 - Afrique Education","robots":{"index":"index","follow":"follow","max-snippet":"max-snippet:-1","max-image-preview":"max-image-preview:large","max-video-preview":"max-video-preview:-1"},"canonical":"http:\/\/boutique.afriqueeducation.com\/Tp60573-ovh\/index.php\/produit\/afrique-education-n502-novembre-2021\/","og_locale":"en_US","og_type":"article","og_title":"Afrique Education N\u00b0502 Novembre 2021 - Afrique Education","og_description":"L'actualit\u00e9 de novembre en Afrique: Tous d'abord Laurent Gbagbo cr\u00e9e un nouveau parti politique apr\u00e8s avoir d\u00e9missionn\u00e9 du Front populaire ivoirien. Le magazine explique comment et pourquoi.  Puis la Libye, dix ans apr\u00e8s l'assassinat du colonel Kadhafi, non seulement, la Libye est tomb\u00e9e dans un chaos indescriptible mais elle a aussi d\u00e9stabilis\u00e9 tout le sahel, tous les djihadistes jadis confin\u00e9s dans les casernes du guide libyen s'\u00e9tant retrouv\u00e9s dans la nature. A quand le jugement de cet \u00e9norme crime contre l'humanit\u00e9 ? Sarkozy (chef d'orchestre), Cameron et Obama continuent \u00e0 se la couler douce sans \u00eatre inqui\u00e9t\u00e9s par aucune justice.    Afrique Education a une devise simple : C'est un magazine international hautement intellectuel, Qui ne se soucie gu\u00e8re des qu'en dira-t-on, Combat \u00e2prement la pens\u00e9e unique, Donne une autre lecture de l'actualit\u00e9, Oeuvre pour une Afrique digne et respect\u00e9e.   Afrique Education est un magazine totalement ind\u00e9pendant, con\u00e7u par les Africains et propos\u00e9 aux Africains et aux amis de l'Afrique.  Afrique Education est un magazine s\u00e9rieux qui travaille avec des institutions s\u00e9rieuses :   L'UNESCO  La Banque Mondiale  La Commission europ\u00e9enne  L'Organisation internationale de la Francophonie  Des Etats (France, S\u00e9n\u00e9gal, Guin\u00e9e-Conakry, Gabon, Togo, Guin\u00e9e-Equatoriale, C\u00f4te d'Ivoire, B\u00e9nin, Centrafrique, Comores, etc).  Vos serviteurs organisent \u00e9galement des colloques et des s\u00e9minaires d'\u00e9ducation et de formation en Afrique. Afrique Education dont la cr\u00e9ation remonte en mai 1993, \u00e0 Paris, est une institution ouverte au partenariat et \u00e0 la coop\u00e9ration internationale, \u00e0 condition que \u00e7a soit du gagnant-gagnant.  Son Fondateur, Paul TEDGA, Docteur des Facult\u00e9s fran\u00e7aises de droit et de sciences \u00e9conomiques (Universit\u00e9 de Paris-IX Dauphine en novembre 1988) est \u00e9galement auteur de plusieurs ouvrages de r\u00e9f\u00e9rence.    Pour encore plus d'actualit\u00e9s rendez-vous sur boutique.afriqueeducation.com\/Tp60573-ovh\/  Ne rater pas l'actualit\u00e9 de novembre en Afrique achetez le N\u00b0502 d'Afrique Education !","og_url":"http:\/\/boutique.afriqueeducation.com\/Tp60573-ovh\/index.php\/produit\/afrique-education-n502-novembre-2021\/","og_site_name":"Afrique Education","article_modified_time":"2021-12-27T11:36:22+00:00","og_image":[{"width":1243,"height":1759,"url":"http:\/\/boutique.afriqueeducation.com\/Tp60573-ovh\/wp-content\/uploads\/edd\/2021\/11\/couverture-502web.jpg","type":"image\/jpeg"}],"twitter_card":"summary_large_image","schema":{"@context":"https:\/\/schema.org","@graph":[{"@type":"WebSite","@id":"http:\/\/boutique.afriqueeducation.com\/Tp60573-ovh\/#website","url":"http:\/\/boutique.afriqueeducation.com\/Tp60573-ovh\/","name":"Afrique Education","description":"Un site utilisant WordPress","potentialAction":[{"@type":"SearchAction","target":{"@type":"EntryPoint","urlTemplate":"http:\/\/boutique.afriqueeducation.com\/Tp60573-ovh\/?s={search_term_string}"},"query-input":"required name=search_term_string"}],"inLanguage":"en-US"},{"@type":"ImageObject","@id":"http:\/\/boutique.afriqueeducation.com\/Tp60573-ovh\/index.php\/produit\/afrique-education-n502-novembre-2021\/#primaryimage","inLanguage":"en-US","url":"https:\/\/boutique.afriqueeducation.com\/Tp60573-ovh\/wp-content\/uploads\/edd\/2021\/11\/couverture-502web.jpg","contentUrl":"https:\/\/boutique.afriqueeducation.com\/Tp60573-ovh\/wp-content\/uploads\/edd\/2021\/11\/couverture-502web.jpg","width":1243,"height":1759,"caption":"L'actualit\u00e9 mars 2021 en Afrique Couverture N\u00b0502"},{"@type":"WebPage","@id":"http:\/\/boutique.afriqueeducation.com\/Tp60573-ovh\/index.php\/produit\/afrique-education-n502-novembre-2021\/#webpage","url":"http:\/\/boutique.afriqueeducation.com\/Tp60573-ovh\/index.php\/produit\/afrique-education-n502-novembre-2021\/","name":"Afrique Education N\u00b0502 Novembre 2021 - Afrique Education","isPartOf":{"@id":"http:\/\/boutique.afriqueeducation.com\/Tp60573-ovh\/#website"},"primaryImageOfPage":{"@id":"http:\/\/boutique.afriqueeducation.com\/Tp60573-ovh\/index.php\/produit\/afrique-education-n502-novembre-2021\/#primaryimage"},"datePublished":"2021-11-26T21:16:47+00:00","dateModified":"2021-12-27T11:36:22+00:00","breadcrumb":{"@id":"http:\/\/boutique.afriqueeducation.com\/Tp60573-ovh\/index.php\/produit\/afrique-education-n502-novembre-2021\/#breadcrumb"},"inLanguage":"en-US","potentialAction":[{"@type":"ReadAction","target":["http:\/\/boutique.afriqueeducation.com\/Tp60573-ovh\/index.php\/produit\/afrique-education-n502-novembre-2021\/"]}]},{"@type":"BreadcrumbList","@id":"http:\/\/boutique.afriqueeducation.com\/Tp60573-ovh\/index.php\/produit\/afrique-education-n502-novembre-2021\/#breadcrumb","itemListElement":[{"@type":"ListItem","position":1,"name":"Accueil","item":"http:\/\/boutique.afriqueeducation.com\/Tp60573-ovh\/"},{"@type":"ListItem","position":2,"name":"Products","item":"http:\/\/boutique.afriqueeducation.com\/Tp60573-ovh\/index.php\/products\/"},{"@type":"ListItem","position":3,"name":"Afrique Education N\u00b0502 Novembre 2021"}]}]}},"_links":{"self":[{"href":"https:\/\/boutique.afriqueeducation.com\/Tp60573-ovh\/index.php\/wp-json\/wp\/v2\/product\/300"}],"collection":[{"href":"https:\/\/boutique.afriqueeducation.com\/Tp60573-ovh\/index.php\/wp-json\/wp\/v2\/product"}],"about":[{"href":"https:\/\/boutique.afriqueeducation.com\/Tp60573-ovh\/index.php\/wp-json\/wp\/v2\/types\/product"}],"wp:featuredmedia":[{"embeddable":true,"href":"https:\/\/boutique.afriqueeducation.com\/Tp60573-ovh\/index.php\/wp-json\/wp\/v2\/media\/177"}],"wp:attachment":[{"href":"https:\/\/boutique.afriqueeducation.com\/Tp60573-ovh\/index.php\/wp-json\/wp\/v2\/media?parent=300"}],"wp:term":[{"taxonomy":"product_cat","embeddable":true,"href":"https:\/\/boutique.afriqueeducation.com\/Tp60573-ovh\/index.php\/wp-json\/wp\/v2\/product_cat?post=300"},{"taxonomy":"product_tag","embeddable":true,"href":"https:\/\/boutique.afriqueeducation.com\/Tp60573-ovh\/index.php\/wp-json\/wp\/v2\/product_tag?post=300"}],"curies":[{"name":"wp","href":"https:\/\/api.w.org\/{rel}","templated":true}]}}